{"id":4409,"date":"2013-08-11T19:06:15","date_gmt":"2013-08-11T17:06:15","guid":{"rendered":"http:\/\/friulgarden.it\/de\/azienda\/"},"modified":"2016-06-15T17:56:57","modified_gmt":"2016-06-15T15:56:57","slug":"unternehmen","status":"publish","type":"page","link":"https:\/\/friulgarden.it\/de\/unternehmen\/","title":{"rendered":"Unternehmen"},"content":{"rendered":"\t<div class=\"img has-hover x md-x lg-x y md-y lg-y\" id=\"image_1940462057\">\n\t\t\t\t\t\t\t\t<div class=\"img-inner dark\" >\n\t\t\t<img loading=\"lazy\" decoding=\"async\" width=\"1080\" height=\"400\" src=\"https:\/\/friulgarden.it\/wp-content\/uploads\/2016\/06\/azienda.jpg\" class=\"attachment-Original size-Original\" alt=\"\" srcset=\"https:\/\/friulgarden.it\/wp-content\/uploads\/2016\/06\/azienda.jpg 1080w, https:\/\/friulgarden.it\/wp-content\/uploads\/2016\/06\/azienda-600x222.jpg 600w, https:\/\/friulgarden.it\/wp-content\/uploads\/2016\/06\/azienda-800x296.jpg 800w, https:\/\/friulgarden.it\/wp-content\/uploads\/2016\/06\/azienda-768x284.jpg 768w\" sizes=\"auto, (max-width: 1080px) 100vw, 1080px\" \/>\t\t\t\t\t\t\n\t\t\t\t\t<\/div>\n\t\t\t\t\t\t\t\t\n<style>\n#image_1940462057 {\n  width: 100%;\n}\n<\/style>\n\t<\/div>\n\t\n\t<div id=\"gap-786591025\" class=\"gap-element clearfix\" style=\"display:block; height:auto;\">\n\t\t\n<style>\n#gap-786591025 {\n  padding-top: 30px;\n}\n<\/style>\n\t<\/div>\n\t\n<p><strong>FriulGarden ist:<\/strong><br \/>\nQualit\u00e4t, Erfahrung, Professionalit\u00e4t, seit 1971 macht die stetige Suche nach den besten Rohstoffen unsere Kreationen einzigartig.<br \/>\nSie finden bei uns qualifizierte Mitarbeiter, die Sie ganz auf Ihre Bed\u00fcrfnisse abgestimmt, beraten. Unsere umfangreiche Ausstellung mit benachbartem Produktionsbereich erstreckt sich \u00fcber eine Fl\u00e4che von 6000 m2. Unser Ziel ist die vollste Zufriedenheit des Kunden.<br \/>\n<div class=\"row\"  id=\"row-2069142431\">\n\n\t<div id=\"col-896489161\" class=\"col medium-2\/3 large-8\"  >\n\t\t\t\t<div class=\"col-inner\"  >\n\t\t\t\n\t\t\t\n<p>FriulGarden produziert und verkauft:<br \/>\nBrunnen &#8211; Gartenbrunnen \u2013 kleine Brunnen &#8211; Brunnen f\u00fcr Au\u00dfen &#8211; Gartenbrunnen aus Stein &#8211; Brunnen aus Gusseisen &#8211; Gartenbrunnen Preise &#8211; Granitbrunnen \u2013 Granitsp\u00fclen f\u00fcr Au\u00dfen \u2013 Sp\u00fclen f\u00fcr Au\u00dfen \u2013 Gartenwaschbecken \u2013 Waschbecken f\u00fcr Au\u00dfen &#8211; Wasserh\u00e4hne f\u00fcr Au\u00dfen &#8211; Gartenwasserh\u00e4hne \u2013 k\u00fcnstlicher Stein &#8211; k\u00fcnstlicher Felsen &#8211; Statuen &#8211; Gartenstatuen &#8211; Heiligenstatuen &#8211; Gartenh\u00f6hlen \u2013 Tiere f\u00fcr den Garten \u2013 k\u00fcnstliche Tiere f\u00fcr den Garten &#8211; Tiere f\u00fcr den Garten aus Kunststoff \u2013 Gartens\u00e4ulen &#8211; Einrichtungss\u00e4ulen &#8211; Gartenbrunnen &#8211; Flachreliefs \u2013 Monolithen Feldsteine &#8211; Feldstein f\u00fcr den Garten &#8211; Gartensteine Skulpturen &#8211; Gartenskulpturen.<\/p>\n\t\t<\/div>\n\t\t\t\t\t<\/div>\n\n\t\n\n\t<div id=\"col-1883396911\" class=\"col foto-azienda medium-1\/3 large-4\"  >\n\t\t\t\t<div class=\"col-inner text-center\"  >\n\t\t\t\n\t\t\t\n\t<div class=\"img has-hover x md-x lg-x y md-y lg-y\" id=\"image_202149085\">\n\t\t\t\t\t\t\t\t<div class=\"img-inner dark\" >\n\t\t\t<img loading=\"lazy\" decoding=\"async\" width=\"312\" height=\"188\" src=\"https:\/\/friulgarden.it\/wp-content\/uploads\/2013\/08\/azienda-2.jpg\" class=\"attachment-Original size-Original\" alt=\"\" \/>\t\t\t\t\t\t\n\t\t\t\t\t<\/div>\n\t\t\t\t\t\t\t\t\n<style>\n#image_202149085 {\n  width: 100%;\n}\n<\/style>\n\t<\/div>\n\t\n\t\t<\/div>\n\t\t\t\t\t<\/div>\n\n\t\n\n\t<div id=\"col-229902415\" class=\"col medium-1\/1 large-12\"  >\n\t\t\t\t<div class=\"col-inner\"  >\n\t\t\t\n\t\t\t\n\n  \n    <div class=\"row large-columns-8 medium-columns-3 small-columns-2 row-small slider row-slider slider-nav-reveal\"  data-flickity-options='{&quot;imagesLoaded&quot;: true, &quot;groupCells&quot;: &quot;100%&quot;, &quot;dragThreshold&quot; : 5, &quot;cellAlign&quot;: &quot;left&quot;,&quot;wrapAround&quot;: true,&quot;prevNextButtons&quot;: true,&quot;percentPosition&quot;: true,&quot;pageDots&quot;: false, &quot;rightToLeft&quot;: false, &quot;autoPlay&quot; : false}' >\n\n  <div class=\"product-category col\" >\n            <div class=\"col-inner\">\n              <a aria-label=\"Produktkategorie Uncategorized besuchen\" href=\"https:\/\/friulgarden.it\/de\/product-category\/uncategorized\/\">                <div class=\"box box-category has-hover box-badge hover-dark \">\n                <div class=\"box-image\" >\n                  <div class=\"\" >\n                  <img loading=\"lazy\" decoding=\"async\" src=\"https:\/\/friulgarden.it\/wp-content\/uploads\/woocommerce-placeholder-300x364.png\" alt=\"Uncategorized\" width=\"300\" height=\"300\" \/>                                                      <\/div>\n                <\/div>\n                <div class=\"box-text text-center\" >\n                  <div class=\"box-text-inner\">\n                      <h5 class=\"uppercase header-title\">\n                              Uncategorized                      <\/h5>\n                                            <p class=\"is-xsmall uppercase count \">\n\t                                            <\/p>\n                                            \n                  <\/div>\n                <\/div>\n                <\/div>\n            <\/a>            <\/div>\n            <\/div><div class=\"product-category col\" >\n            <div class=\"col-inner\">\n              <a aria-label=\"Produktkategorie ANGEBOT DES MONATS besuchen\" href=\"https:\/\/friulgarden.it\/de\/product-category\/angebot-des-monats\/\">                <div class=\"box box-category has-hover box-badge hover-dark \">\n                <div class=\"box-image\" >\n                  <div class=\"\" >\n                  <img loading=\"lazy\" decoding=\"async\" src=\"https:\/\/friulgarden.it\/wp-content\/uploads\/2016\/06\/aquila-grande-247x300.jpg\" alt=\"ANGEBOT DES MONATS\" width=\"300\" height=\"300\" \/>                                                      <\/div>\n                <\/div>\n                <div class=\"box-text text-center\" >\n                  <div class=\"box-text-inner\">\n                      <h5 class=\"uppercase header-title\">\n                              ANGEBOT DES MONATS                      <\/h5>\n                                            <p class=\"is-xsmall uppercase count \">\n\t                      6 Produkte                      <\/p>\n                                            \n                  <\/div>\n                <\/div>\n                <\/div>\n            <\/a>            <\/div>\n            <\/div><div class=\"product-category col\" >\n            <div class=\"col-inner\">\n              <a aria-label=\"Produktkategorie GARTENDEKORATIONEN besuchen\" href=\"https:\/\/friulgarden.it\/de\/product-category\/gartendekorationen\/\">                <div class=\"box box-category has-hover box-badge hover-dark \">\n                <div class=\"box-image\" >\n                  <div class=\"\" >\n                  <img loading=\"lazy\" decoding=\"async\" src=\"https:\/\/friulgarden.it\/wp-content\/uploads\/2016\/05\/671-1-247x300.jpg\" alt=\"GARTENDEKORATIONEN\" width=\"300\" height=\"300\" \/>                                                      <\/div>\n                <\/div>\n                <div class=\"box-text text-center\" >\n                  <div class=\"box-text-inner\">\n                      <h5 class=\"uppercase header-title\">\n                              GARTENDEKORATIONEN                      <\/h5>\n                                            <p class=\"is-xsmall uppercase count \">\n\t                      7 Produkte                      <\/p>\n                                            \n                  <\/div>\n                <\/div>\n                <\/div>\n            <\/a>            <\/div>\n            <\/div><div class=\"product-category col\" >\n            <div class=\"col-inner\">\n              <a aria-label=\"Produktkategorie GARTENFIGUREN besuchen\" href=\"https:\/\/friulgarden.it\/de\/product-category\/gartenfiguren\/\">                <div class=\"box box-category has-hover box-badge hover-dark \">\n                <div class=\"box-image\" >\n                  <div class=\"\" >\n                  <img loading=\"lazy\" decoding=\"async\" src=\"https:\/\/friulgarden.it\/wp-content\/uploads\/2016\/05\/637-247x300.jpg\" alt=\"GARTENFIGUREN\" width=\"300\" height=\"300\" \/>                                                      <\/div>\n                <\/div>\n                <div class=\"box-text text-center\" >\n                  <div class=\"box-text-inner\">\n                      <h5 class=\"uppercase header-title\">\n                              GARTENFIGUREN                      <\/h5>\n                                            <p class=\"is-xsmall uppercase count \">\n\t                      22 Produkte                      <\/p>\n                                            \n                  <\/div>\n                <\/div>\n                <\/div>\n            <\/a>            <\/div>\n            <\/div><div class=\"product-category col\" >\n            <div class=\"col-inner\">\n              <a aria-label=\"Produktkategorie GARTENWASCHBECKEN besuchen\" href=\"https:\/\/friulgarden.it\/de\/product-category\/gartenwaschbecken\/\">                <div class=\"box box-category has-hover box-badge hover-dark \">\n                <div class=\"box-image\" >\n                  <div class=\"\" >\n                  <img loading=\"lazy\" decoding=\"async\" src=\"https:\/\/friulgarden.it\/wp-content\/uploads\/2016\/05\/663-1-247x300.jpg\" alt=\"GARTENWASCHBECKEN\" width=\"300\" height=\"300\" \/>                                                      <\/div>\n                <\/div>\n                <div class=\"box-text text-center\" >\n                  <div class=\"box-text-inner\">\n                      <h5 class=\"uppercase header-title\">\n                              GARTENWASCHBECKEN                      <\/h5>\n                                            <p class=\"is-xsmall uppercase count \">\n\t                      9 Produkte                      <\/p>\n                                            \n                  <\/div>\n                <\/div>\n                <\/div>\n            <\/a>            <\/div>\n            <\/div><div class=\"product-category col\" >\n            <div class=\"col-inner\">\n              <a aria-label=\"Produktkategorie GRANIT GARTEN T\u00d6PFE besuchen\" href=\"https:\/\/friulgarden.it\/de\/product-category\/granit-garten-toepfe\/\">                <div class=\"box box-category has-hover box-badge hover-dark \">\n                <div class=\"box-image\" >\n                  <div class=\"\" >\n                  <img loading=\"lazy\" decoding=\"async\" src=\"https:\/\/friulgarden.it\/wp-content\/uploads\/2016\/05\/863-1-247x300.jpg\" alt=\"GRANIT GARTEN T\u00d6PFE\" width=\"300\" height=\"300\" \/>                                                      <\/div>\n                <\/div>\n                <div class=\"box-text text-center\" >\n                  <div class=\"box-text-inner\">\n                      <h5 class=\"uppercase header-title\">\n                              GRANIT GARTEN T\u00d6PFE                      <\/h5>\n                                            <p class=\"is-xsmall uppercase count \">\n\t                      1 Produkt                      <\/p>\n                                            \n                  <\/div>\n                <\/div>\n                <\/div>\n            <\/a>            <\/div>\n            <\/div><div class=\"product-category col\" >\n            <div class=\"col-inner\">\n              <a aria-label=\"Produktkategorie GRANITBRUNNEN besuchen\" href=\"https:\/\/friulgarden.it\/de\/product-category\/granitbrunnen\/\">                <div class=\"box box-category has-hover box-badge hover-dark \">\n                <div class=\"box-image\" >\n                  <div class=\"\" >\n                  <img loading=\"lazy\" decoding=\"async\" src=\"https:\/\/friulgarden.it\/wp-content\/uploads\/2016\/06\/570-247x300.jpg\" alt=\"GRANITBRUNNEN\" width=\"300\" height=\"300\" \/>                                                      <\/div>\n                <\/div>\n                <div class=\"box-text text-center\" >\n                  <div class=\"box-text-inner\">\n                      <h5 class=\"uppercase header-title\">\n                              GRANITBRUNNEN                      <\/h5>\n                                            <p class=\"is-xsmall uppercase count \">\n\t                      12 Produkte                      <\/p>\n                                            \n                  <\/div>\n                <\/div>\n                <\/div>\n            <\/a>            <\/div>\n            <\/div><div class=\"product-category col\" >\n            <div class=\"col-inner\">\n              <a aria-label=\"Produktkategorie GRANITSP\u00dcLEN F\u00dcR AUSSE besuchen\" href=\"https:\/\/friulgarden.it\/de\/product-category\/granitspuelen-fuer-ausse\/\">                <div class=\"box box-category has-hover box-badge hover-dark \">\n                <div class=\"box-image\" >\n                  <div class=\"\" >\n                  <img loading=\"lazy\" decoding=\"async\" src=\"https:\/\/friulgarden.it\/wp-content\/uploads\/2016\/05\/847-1-247x300.jpg\" alt=\"GRANITSP\u00dcLEN F\u00dcR AUSSE\" width=\"300\" height=\"300\" \/>                                                      <\/div>\n                <\/div>\n                <div class=\"box-text text-center\" >\n                  <div class=\"box-text-inner\">\n                      <h5 class=\"uppercase header-title\">\n                              GRANITSP\u00dcLEN F\u00dcR AUSSE                      <\/h5>\n                                            <p class=\"is-xsmall uppercase count \">\n\t                      1 Produkt                      <\/p>\n                                            \n                  <\/div>\n                <\/div>\n                <\/div>\n            <\/a>            <\/div>\n            <\/div><div class=\"product-category col\" >\n            <div class=\"col-inner\">\n              <a aria-label=\"Produktkategorie K\u00dcNSTLICHER STEIN besuchen\" href=\"https:\/\/friulgarden.it\/de\/product-category\/kuenstlicher-stein\/\">                <div class=\"box box-category has-hover box-badge hover-dark \">\n                <div class=\"box-image\" >\n                  <div class=\"\" >\n                  <img loading=\"lazy\" decoding=\"async\" src=\"https:\/\/friulgarden.it\/wp-content\/uploads\/2016\/05\/668-247x300.jpg\" alt=\"K\u00dcNSTLICHER STEIN\" width=\"300\" height=\"300\" \/>                                                      <\/div>\n                <\/div>\n                <div class=\"box-text text-center\" >\n                  <div class=\"box-text-inner\">\n                      <h5 class=\"uppercase header-title\">\n                              K\u00dcNSTLICHER STEIN                      <\/h5>\n                                            <p class=\"is-xsmall uppercase count \">\n\t                      22 Produkte                      <\/p>\n                                            \n                  <\/div>\n                <\/div>\n                <\/div>\n            <\/a>            <\/div>\n            <\/div><div class=\"product-category col\" >\n            <div class=\"col-inner\">\n              <a aria-label=\"Produktkategorie Panorama besuchen\" href=\"https:\/\/friulgarden.it\/de\/product-category\/panorama\/\">                <div class=\"box box-category has-hover box-badge hover-dark \">\n                <div class=\"box-image\" >\n                  <div class=\"\" >\n                  <img loading=\"lazy\" decoding=\"async\" src=\"https:\/\/friulgarden.it\/wp-content\/uploads\/2016\/05\/981-247x300.jpg\" alt=\"Panorama\" width=\"300\" height=\"300\" \/>                                                      <\/div>\n                <\/div>\n                <div class=\"box-text text-center\" >\n                  <div class=\"box-text-inner\">\n                      <h5 class=\"uppercase header-title\">\n                              Panorama                      <\/h5>\n                                            <p class=\"is-xsmall uppercase count \">\n\t                      1 Produkt                      <\/p>\n                                            \n                  <\/div>\n                <\/div>\n                <\/div>\n            <\/a>            <\/div>\n            <\/div><\/div>\n\t\t<\/div>\n\t\t\t\t\t<\/div>\n\n\t\n<\/div>\n","protected":false},"excerpt":{"rendered":"<p>FriulGarden ist: Qualit\u00e4t, Erfahrung, Professionalit\u00e4t, seit 1971 macht die stetige Suche nach den besten Rohstoffen unsere Kreationen einzigartig. Sie finden bei uns qualifizierte Mitarbeiter, die Sie ganz auf Ihre Bed\u00fcrfnisse abgestimmt, beraten. Unsere umfangreiche Ausstellung mit benachbartem Produktionsbereich erstreckt sich \u00fcber eine Fl\u00e4che von 6000 m2. Unser Ziel ist die vollste Zufriedenheit des Kunden.<\/p>\n","protected":false},"author":1,"featured_media":0,"parent":0,"menu_order":0,"comment_status":"closed","ping_status":"closed","template":"page-blank-container.php","meta":{"footnotes":""},"class_list":["post-4409","page","type-page","status-publish","hentry"],"_links":{"self":[{"href":"https:\/\/friulgarden.it\/de\/wp-json\/wp\/v2\/pages\/4409","targetHints":{"allow":["GET"]}}],"collection":[{"href":"https:\/\/friulgarden.it\/de\/wp-json\/wp\/v2\/pages"}],"about":[{"href":"https:\/\/friulgarden.it\/de\/wp-json\/wp\/v2\/types\/page"}],"author":[{"embeddable":true,"href":"https:\/\/friulgarden.it\/de\/wp-json\/wp\/v2\/users\/1"}],"replies":[{"embeddable":true,"href":"https:\/\/friulgarden.it\/de\/wp-json\/wp\/v2\/comments?post=4409"}],"version-history":[{"count":4,"href":"https:\/\/friulgarden.it\/de\/wp-json\/wp\/v2\/pages\/4409\/revisions"}],"predecessor-version":[{"id":4654,"href":"https:\/\/friulgarden.it\/de\/wp-json\/wp\/v2\/pages\/4409\/revisions\/4654"}],"wp:attachment":[{"href":"https:\/\/friulgarden.it\/de\/wp-json\/wp\/v2\/media?parent=4409"}],"curies":[{"name":"wp","href":"https:\/\/api.w.org\/{rel}","templated":true}]}}